{"id":1117,"date":"2024-04-14T21:51:28","date_gmt":"2024-04-14T21:51:28","guid":{"rendered":"https:\/\/bioeticaenxarxa.com\/?page_id=1117"},"modified":"2025-07-01T16:01:46","modified_gmt":"2025-07-01T16:01:46","slug":"elementor-1117","status":"publish","type":"page","link":"https:\/\/bioeticaenxarxa.com\/index.php\/elementor-1117\/","title":{"rendered":"Medicina Gr\u00e0fica"},"content":{"rendered":"\t\t<div data-elementor-type=\"wp-page\" data-elementor-id=\"1117\" class=\"elementor elementor-1117\" data-elementor-post-type=\"page\">\n\t\t\t\t<div class=\"elementor-element elementor-element-58ebec7 e-flex e-con-boxed e-con e-parent\" data-id=\"58ebec7\" data-element_type=\"container\">\n\t\t\t\t\t<div class=\"e-con-inner\">\n\t\t\t\t<div class=\"elementor-element elementor-element-970cdaf elementor-widget elementor-widget-image\" data-id=\"970cdaf\" data-element_type=\"widget\" data-widget_type=\"image.default\">\n\t\t\t\t<div class=\"elementor-widget-container\">\n\t\t\t\t\t\t\t\t\t\t\t\t\t<img fetchpriority=\"high\" decoding=\"async\" width=\"300\" height=\"300\" src=\"https:\/\/bioeticaenxarxa.com\/wp-content\/uploads\/2024\/04\/Diseno-sin-titulo-10-300x300.png\" class=\"attachment-medium size-medium wp-image-1075\" alt=\"\" srcset=\"https:\/\/bioeticaenxarxa.com\/wp-content\/uploads\/2024\/04\/Diseno-sin-titulo-10-300x300.png 300w, https:\/\/bioeticaenxarxa.com\/wp-content\/uploads\/2024\/04\/Diseno-sin-titulo-10-1024x1024.png 1024w, https:\/\/bioeticaenxarxa.com\/wp-content\/uploads\/2024\/04\/Diseno-sin-titulo-10-150x150.png 150w, https:\/\/bioeticaenxarxa.com\/wp-content\/uploads\/2024\/04\/Diseno-sin-titulo-10-768x768.png 768w, https:\/\/bioeticaenxarxa.com\/wp-content\/uploads\/2024\/04\/Diseno-sin-titulo-10-1536x1536.png 1536w, https:\/\/bioeticaenxarxa.com\/wp-content\/uploads\/2024\/04\/Diseno-sin-titulo-10.png 2048w\" sizes=\"(max-width: 300px) 100vw, 300px\" \/>\t\t\t\t\t\t\t\t\t\t\t\t\t<\/div>\n\t\t\t\t<\/div>\n\t\t<div class=\"elementor-element elementor-element-501489d e-flex e-con-boxed e-con e-child\" data-id=\"501489d\" data-element_type=\"container\">\n\t\t\t\t\t<div class=\"e-con-inner\">\n\t\t\t\t<div class=\"elementor-element elementor-element-daef445 elementor-widget elementor-widget-text-editor\" data-id=\"daef445\" data-element_type=\"widget\" data-widget_type=\"text-editor.default\">\n\t\t\t\t<div class=\"elementor-widget-container\">\n\t\t\t\t\t\t\t<p style=\"font-size: 16px; font-style: normal; font-weight: 400;\">La&nbsp;<span style=\"font-weight: bold;\">Medicina Gr\u00e0fica<\/span>&nbsp;\u00e9s l&#8217;\u00fas del c\u00f2mic, la infografia i la il\u00b7lustraci\u00f3 com a eines de comunicaci\u00f3 sanit\u00e0ria. \u00c9s un terme adaptat del terme angl\u00e8s original \u00abGraphic Medicine\u00bb ideat per Ian Williams. Al nostre pa\u00eds, la Societat Espanyola de Medicina Gr\u00e0fica (SEMGRAF), grup de treball fundat per la Dra. M\u00f3nica Lalanda, s&#8217;encarrega de la cerca i difusi\u00f3 de material gr\u00e0fic, aix\u00ed com en l&#8217;organitzaci\u00f3 de congressos nacionals anuals i de l&#8217;edici\u00f3 del m\u00e0ster propi de Medicina Gr\u00e0fica.<\/p>\n<p style=\"font-size: 16px; font-style: normal; font-weight: 400;\"><span style=\"text-decoration-line: underline;\">Web<\/span><\/p>\n<p style=\"font-size: 16px; font-style: normal; font-weight: 400;\">Ressenyes:&nbsp;<b style=\"font-style: inherit;\"><span lang=\"ES\" style=\"mso-bidi-font-family: Calibri; mso-bidi-theme-font: minor-latin; color: red; mso-ansi-language: ES;\"><a href=\"https:\/\/semgraf.com\/\">https:\/\/semgraf.com\/<\/a><\/span><\/b><\/p>\n<p style=\"font-size: 16px; font-style: normal; font-weight: 400;\">Qui som:&nbsp;<b style=\"font-style: inherit;\"><span lang=\"ES\" style=\"mso-bidi-font-family: Calibri; mso-bidi-theme-font: minor-latin; color: red; mso-ansi-language: ES;\"><a href=\"https:\/\/semgraf.com\/quienes-somos\/\">https:\/\/semgraf.com\/quienes-somos\/<\/a><\/span><\/b><\/p>\n<p class=\"MsoNormal\" style=\"line-height: normal;\">\n<\/p><p style=\"font-size: 16px; font-style: normal; font-weight: 400;\"><span style=\"text-decoration-line: underline;\">Xarxes Socials<\/span><\/p>\n<p style=\"font-size: 16px; font-style: normal; font-weight: 400;\">X-Twitter:&nbsp;<a href=\"https:\/\/x.com\/graficamedicina?s=21&amp;t=buslnGsMicoWYa6U4Ny3Tw\">https:\/\/x.com\/graficamedicina?s=21&amp;t=buslnGsMicoWYa6U4Ny3Tw<\/a><\/p>\n<p style=\"font-size: 16px; font-style: normal; font-weight: 400;\">Instagram:&nbsp;<a href=\"https:\/\/www.instagram.com\/graficamedicina?igsh=MWVnNWdlNXRhNHo4ZA==\"><span style=\"text-align: var(--text-align); background-color: var( --e-global-color-3206ae6 );\">https:\/\/www.instagram.com\/graficamedicina?igsh=MWVnNWdlNXRhNHo4ZA==<\/span><\/a><\/p>\t\t\t\t\t\t<\/div>\n\t\t\t\t<\/div>\n\t\t\t\t\t<\/div>\n\t\t\t\t<\/div>\n\t\t\t\t\t<\/div>\n\t\t\t\t<\/div>\n\t\t\t\t<\/div>\n\t\t","protected":false},"excerpt":{"rendered":"<p>La&nbsp;Medicina Gr\u00e0fica&nbsp;\u00e9s l&#8217;\u00fas del c\u00f2mic, la infografia i la il\u00b7lustraci\u00f3 com a eines de comunicaci\u00f3 sanit\u00e0ria. \u00c9s un terme adaptat del terme angl\u00e8s original \u00abGraphic Medicine\u00bb ideat per Ian Williams. Al nostre pa\u00eds, la Societat Espanyola de Medicina Gr\u00e0fica (SEMGRAF), grup de treball fundat per la Dra. M\u00f3nica Lalanda, s&#8217;encarrega de la cerca i difusi\u00f3 [&hellip;]<\/p>\n","protected":false},"author":1,"featured_media":0,"parent":0,"menu_order":0,"comment_status":"closed","ping_status":"closed","template":"","meta":{"site-sidebar-layout":"no-sidebar","site-content-layout":"","ast-site-content-layout":"full-width-container","site-content-style":"default","site-sidebar-style":"default","ast-global-header-display":"","ast-banner-title-visibility":"","ast-main-header-display":"","ast-hfb-above-header-display":"","ast-hfb-below-header-display":"","ast-hfb-mobile-header-display":"","site-post-title":"","ast-breadcrumbs-content":"","ast-featured-img":"disabled","footer-sml-layout":"","theme-transparent-header-meta":"","adv-header-id-meta":"","stick-header-meta":"","header-above-stick-meta":"","header-main-stick-meta":"","header-below-stick-meta":"","astra-migrate-meta-layouts":"default","ast-page-background-enabled":"default","ast-page-background-meta":{"desktop":{"background-color":"var(--ast-global-color-4)","background-image":"","background-repeat":"repeat","background-position":"center center","background-size":"auto","background-attachment":"scroll","background-type":"","background-media":"","overlay-type":"","overlay-color":"","overlay-opacity":"","overlay-gradient":""},"tablet":{"background-color":"","background-image":"","background-repeat":"repeat","background-position":"center center","background-size":"auto","background-attachment":"scroll","background-type":"","background-media":"","overlay-type":"","overlay-color":"","overlay-opacity":"","overlay-gradient":""},"mobile":{"background-color":"","background-image":"","background-repeat":"repeat","background-position":"center center","background-size":"auto","background-attachment":"scroll","background-type":"","background-media":"","overlay-type":"","overlay-color":"","overlay-opacity":"","overlay-gradient":""}},"ast-content-background-meta":{"desktop":{"background-color":"var(--ast-global-color-5)","background-image":"","background-repeat":"repeat","background-position":"center center","background-size":"auto","background-attachment":"scroll","background-type":"","background-media":"","overlay-type":"","overlay-color":"","overlay-opacity":"","overlay-gradient":""},"tablet":{"background-color":"var(--ast-global-color-5)","background-image":"","background-repeat":"repeat","background-position":"center center","background-size":"auto","background-attachment":"scroll","background-type":"","background-media":"","overlay-type":"","overlay-color":"","overlay-opacity":"","overlay-gradient":""},"mobile":{"background-color":"var(--ast-global-color-5)","background-image":"","background-repeat":"repeat","background-position":"center center","background-size":"auto","background-attachment":"scroll","background-type":"","background-media":"","overlay-type":"","overlay-color":"","overlay-opacity":"","overlay-gradient":""}},"footnotes":""},"class_list":["post-1117","page","type-page","status-publish","hentry"],"_links":{"self":[{"href":"https:\/\/bioeticaenxarxa.com\/index.php\/wp-json\/wp\/v2\/pages\/1117","targetHints":{"allow":["GET"]}}],"collection":[{"href":"https:\/\/bioeticaenxarxa.com\/index.php\/wp-json\/wp\/v2\/pages"}],"about":[{"href":"https:\/\/bioeticaenxarxa.com\/index.php\/wp-json\/wp\/v2\/types\/page"}],"author":[{"embeddable":true,"href":"https:\/\/bioeticaenxarxa.com\/index.php\/wp-json\/wp\/v2\/users\/1"}],"replies":[{"embeddable":true,"href":"https:\/\/bioeticaenxarxa.com\/index.php\/wp-json\/wp\/v2\/comments?post=1117"}],"version-history":[{"count":23,"href":"https:\/\/bioeticaenxarxa.com\/index.php\/wp-json\/wp\/v2\/pages\/1117\/revisions"}],"predecessor-version":[{"id":1723,"href":"https:\/\/bioeticaenxarxa.com\/index.php\/wp-json\/wp\/v2\/pages\/1117\/revisions\/1723"}],"wp:attachment":[{"href":"https:\/\/bioeticaenxarxa.com\/index.php\/wp-json\/wp\/v2\/media?parent=1117"}],"curies":[{"name":"wp","href":"https:\/\/api.w.org\/{rel}","templated":true}]}}