{"id":332,"date":"2023-10-17T08:08:28","date_gmt":"2023-10-17T08:08:28","guid":{"rendered":"https:\/\/bioeticaenxarxa.com\/index.php\/home\/"},"modified":"2024-04-23T16:44:53","modified_gmt":"2024-04-23T16:44:53","slug":"home","status":"publish","type":"page","link":"https:\/\/bioeticaenxarxa.com\/index.php\/home\/","title":{"rendered":"Inici"},"content":{"rendered":"\t\t<div data-elementor-type=\"wp-page\" data-elementor-id=\"332\" class=\"elementor elementor-332\" data-elementor-post-type=\"page\">\n\t\t\t\t<div class=\"elementor-element elementor-element-6b68ac1a e-flex e-con-boxed e-con e-parent\" data-id=\"6b68ac1a\" data-element_type=\"container\">\n\t\t\t\t\t<div class=\"e-con-inner\">\n\t\t\t\t<div class=\"elementor-element elementor-element-63b1ac62 elementor-invisible elementor-widget elementor-widget-heading\" data-id=\"63b1ac62\" data-element_type=\"widget\" data-settings=\"{&quot;_animation&quot;:&quot;fadeInUp&quot;}\" data-widget_type=\"heading.default\">\n\t\t\t\t<div class=\"elementor-widget-container\">\n\t\t\t<h1 class=\"elementor-heading-title elementor-size-default\">Clubs de lectura per a professionals sanitaris<\/h1>\t\t<\/div>\n\t\t\t\t<\/div>\n\t\t\t\t<div class=\"elementor-element elementor-element-7c3c2db elementor-widget elementor-widget-heading\" data-id=\"7c3c2db\" data-element_type=\"widget\" data-widget_type=\"heading.default\">\n\t\t\t\t<div class=\"elementor-widget-container\">\n\t\t\t<h4 class=\"elementor-heading-title elementor-size-default\">benvinguts<\/h4>\t\t<\/div>\n\t\t\t\t<\/div>\n\t\t\t\t<div class=\"elementor-element elementor-element-75047e1 elementor-widget elementor-widget-text-editor\" data-id=\"75047e1\" data-element_type=\"widget\" data-widget_type=\"text-editor.default\">\n\t\t\t\t<div class=\"elementor-widget-container\">\n\t\t\t\t\t\t\t<p style=\"text-align: justify;\"><span style=\"font-weight: 400;\">El projecte dels <\/span><b>Clubs de lectura per a professionals sanitaris<\/b><span style=\"font-weight: 400;\"> \u00e9s una iniciativa liderada per la <\/span><i><span style=\"font-weight: 400;\">Societat Catalana de Bio\u00e8tica<\/span><\/i><span style=\"font-weight: 400;\">. Consisteix en clubs de lectura en diferents centres sanitaris, on a trav\u00e9s de la lectura d&#8217;alguns textos literaris seleccionats, es propicia el debat entre els participants, la reflexi\u00f3 \u00e8tica i el sentit cr\u00edtic. \u00c9s una experi\u00e8ncia que afavoreix la mirada emp\u00e0tica i posa \u00e8mfasi en els aspectes human\u00edstics de l&#8217;assist\u00e8ncia sanit\u00e0ria.<\/span><\/p>\t\t\t\t\t\t<\/div>\n\t\t\t\t<\/div>\n\t\t\t\t<div class=\"elementor-element elementor-element-fd7b369 elementor-widget elementor-widget-spacer\" data-id=\"fd7b369\" data-element_type=\"widget\" data-widget_type=\"spacer.default\">\n\t\t\t\t<div class=\"elementor-widget-container\">\n\t\t\t\t\t<div class=\"elementor-spacer\">\n\t\t\t<div class=\"elementor-spacer-inner\"><\/div>\n\t\t<\/div>\n\t\t\t\t<\/div>\n\t\t\t\t<\/div>\n\t\t\t\t\t<\/div>\n\t\t\t\t<\/div>\n\t\t<div class=\"elementor-element elementor-element-c8e97e1 e-flex e-con-boxed e-con e-parent\" data-id=\"c8e97e1\" data-element_type=\"container\">\n\t\t\t\t\t<div class=\"e-con-inner\">\n\t\t\t\t\t<\/div>\n\t\t\t\t<\/div>\n\t\t<div class=\"elementor-element elementor-element-199d0d89 e-flex e-con-boxed e-con e-parent\" data-id=\"199d0d89\" data-element_type=\"container\">\n\t\t\t\t\t<div class=\"e-con-inner\">\n\t\t<div class=\"elementor-element elementor-element-153e7975 e-flex e-con-boxed e-con e-child\" data-id=\"153e7975\" data-element_type=\"container\">\n\t\t\t\t\t<div class=\"e-con-inner\">\n\t\t\t\t<div class=\"elementor-element elementor-element-57282057 elementor-invisible elementor-widget elementor-widget-heading\" data-id=\"57282057\" data-element_type=\"widget\" data-settings=\"{&quot;_animation&quot;:&quot;fadeInUp&quot;}\" data-widget_type=\"heading.default\">\n\t\t\t\t<div class=\"elementor-widget-container\">\n\t\t\t<h3 class=\"elementor-heading-title elementor-size-default\">Qui Som<\/h3>\t\t<\/div>\n\t\t\t\t<\/div>\n\t\t\t\t<div class=\"elementor-element elementor-element-1ab11ce3 elementor-widget elementor-widget-heading\" data-id=\"1ab11ce3\" data-element_type=\"widget\" data-widget_type=\"heading.default\">\n\t\t\t\t<div class=\"elementor-widget-container\">\n\t\t\t<h2 class=\"elementor-heading-title elementor-size-default\">Coneix el nostre equip<\/h2>\t\t<\/div>\n\t\t\t\t<\/div>\n\t\t\t\t\t<\/div>\n\t\t\t\t<\/div>\n\t\t<div class=\"elementor-element elementor-element-44ed938c e-con-full e-flex e-con e-child\" data-id=\"44ed938c\" data-element_type=\"container\">\n\t\t\t\t<div class=\"elementor-element elementor-element-7b9bc6e0 elementor-widget-tablet__width-initial elementor-widget-mobile__width-inherit elementor-widget__width-initial elementor-position-top elementor-widget elementor-widget-image-box\" data-id=\"7b9bc6e0\" data-element_type=\"widget\" data-widget_type=\"image-box.default\">\n\t\t\t\t<div class=\"elementor-widget-container\">\n\t\t\t<div class=\"elementor-image-box-wrapper\"><figure class=\"elementor-image-box-img\"><img decoding=\"async\" width=\"173\" height=\"194\" src=\"https:\/\/bioeticaenxarxa.com\/wp-content\/uploads\/2023\/12\/Patricia.jpg\" class=\"elementor-animation-shrink attachment-full size-full wp-image-693\" alt=\"\" \/><\/figure><div class=\"elementor-image-box-content\"><h3 class=\"elementor-image-box-title\">Patricia Beroiz<\/h3><p class=\"elementor-image-box-description\">Societat Catalana de Bio\u00e8tica<br>Coordinadora<\/p><\/div><\/div>\t\t<\/div>\n\t\t\t\t<\/div>\n\t\t\t\t<div class=\"elementor-element elementor-element-8ce3d60 elementor-widget-tablet__width-initial elementor-widget-mobile__width-inherit elementor-widget__width-initial elementor-position-top elementor-widget elementor-widget-image-box\" data-id=\"8ce3d60\" data-element_type=\"widget\" data-widget_type=\"image-box.default\">\n\t\t\t\t<div class=\"elementor-widget-container\">\n\t\t\t<div class=\"elementor-image-box-wrapper\"><figure class=\"elementor-image-box-img\"><img decoding=\"async\" width=\"177\" height=\"173\" src=\"https:\/\/bioeticaenxarxa.com\/wp-content\/uploads\/2023\/12\/Roser.jpg\" class=\"elementor-animation-shrink attachment-full size-full wp-image-694\" alt=\"\" \/><\/figure><div class=\"elementor-image-box-content\"><h3 class=\"elementor-image-box-title\"><br>Roser Font<\/h3><p class=\"elementor-image-box-description\">Societat Catalana de Bio\u00e8tica<\/p><\/div><\/div>\t\t<\/div>\n\t\t\t\t<\/div>\n\t\t\t\t<div class=\"elementor-element elementor-element-552252da elementor-widget-tablet__width-initial elementor-widget-mobile__width-inherit elementor-widget__width-initial elementor-position-top elementor-widget elementor-widget-image-box\" data-id=\"552252da\" data-element_type=\"widget\" data-widget_type=\"image-box.default\">\n\t\t\t\t<div class=\"elementor-widget-container\">\n\t\t\t<div class=\"elementor-image-box-wrapper\"><figure class=\"elementor-image-box-img\"><a href=\"https:\/\/www.linkedin.com\/in\/xavi-jim%C3%A9nez-flores-16ab271a0\/\" tabindex=\"-1\"><img decoding=\"async\" width=\"190\" height=\"187\" src=\"https:\/\/bioeticaenxarxa.com\/wp-content\/uploads\/2023\/12\/Xavi.jpg\" class=\"elementor-animation-shrink attachment-full size-full wp-image-695\" alt=\"\" \/><\/a><\/figure><div class=\"elementor-image-box-content\"><h3 class=\"elementor-image-box-title\"><a href=\"https:\/\/www.linkedin.com\/in\/xavi-jim%C3%A9nez-flores-16ab271a0\/\"><br>Xavi Jim\u00e9nez<\/a><\/h3><p class=\"elementor-image-box-description\">Societat Catalana de Bio\u00e8tica<\/p><\/div><\/div>\t\t<\/div>\n\t\t\t\t<\/div>\n\t\t\t\t<div class=\"elementor-element elementor-element-3811c69 elementor-widget-tablet__width-initial elementor-widget-mobile__width-inherit elementor-widget__width-initial elementor-position-top elementor-widget elementor-widget-image-box\" data-id=\"3811c69\" data-element_type=\"widget\" data-widget_type=\"image-box.default\">\n\t\t\t\t<div class=\"elementor-widget-container\">\n\t\t\t<div class=\"elementor-image-box-wrapper\"><figure class=\"elementor-image-box-img\"><img loading=\"lazy\" decoding=\"async\" width=\"160\" height=\"173\" src=\"https:\/\/bioeticaenxarxa.com\/wp-content\/uploads\/2023\/12\/Imma.jpg\" class=\"elementor-animation-shrink attachment-full size-full wp-image-696\" alt=\"\" \/><\/figure><div class=\"elementor-image-box-content\"><h3 class=\"elementor-image-box-title\"><br>Imma Caro<\/h3><p class=\"elementor-image-box-description\">Secret\u00e0ria<\/p><\/div><\/div>\t\t<\/div>\n\t\t\t\t<\/div>\n\t\t\t\t<div class=\"elementor-element elementor-element-c47683a elementor-widget-tablet__width-initial elementor-widget-mobile__width-inherit elementor-widget__width-initial elementor-position-top elementor-widget elementor-widget-image-box\" data-id=\"c47683a\" data-element_type=\"widget\" data-widget_type=\"image-box.default\">\n\t\t\t\t<div class=\"elementor-widget-container\">\n\t\t\t<div class=\"elementor-image-box-wrapper\"><figure class=\"elementor-image-box-img\"><a href=\"https:\/\/www.linkedin.com\/in\/cristina-galisteo-284a75216\/\" tabindex=\"-1\"><img loading=\"lazy\" decoding=\"async\" width=\"800\" height=\"800\" src=\"https:\/\/bioeticaenxarxa.com\/wp-content\/uploads\/2023\/12\/Cristina-Galisteo.jpg\" class=\"elementor-animation-shrink attachment-full size-full wp-image-840\" alt=\"\" srcset=\"https:\/\/bioeticaenxarxa.com\/wp-content\/uploads\/2023\/12\/Cristina-Galisteo.jpg 800w, https:\/\/bioeticaenxarxa.com\/wp-content\/uploads\/2023\/12\/Cristina-Galisteo-300x300.jpg 300w, https:\/\/bioeticaenxarxa.com\/wp-content\/uploads\/2023\/12\/Cristina-Galisteo-150x150.jpg 150w, https:\/\/bioeticaenxarxa.com\/wp-content\/uploads\/2023\/12\/Cristina-Galisteo-768x768.jpg 768w\" sizes=\"(max-width: 800px) 100vw, 800px\" \/><\/a><\/figure><div class=\"elementor-image-box-content\"><h3 class=\"elementor-image-box-title\"><a href=\"https:\/\/www.linkedin.com\/in\/cristina-galisteo-284a75216\/\"><br>Cristina Galisteo<\/a><\/h3><p class=\"elementor-image-box-description\">Secret\u00e0ria<\/p><\/div><\/div>\t\t<\/div>\n\t\t\t\t<\/div>\n\t\t\t\t<\/div>\n\t\t\t\t\t<\/div>\n\t\t\t\t<\/div>\n\t\t<div class=\"elementor-element elementor-element-1db5bc21 e-flex e-con-boxed e-con e-parent\" data-id=\"1db5bc21\" data-element_type=\"container\">\n\t\t\t\t\t<div class=\"e-con-inner\">\n\t\t<div class=\"elementor-element elementor-element-5e5bb2e6 e-flex e-con-boxed e-con e-child\" data-id=\"5e5bb2e6\" data-element_type=\"container\">\n\t\t\t\t\t<div class=\"e-con-inner\">\n\t\t\t\t<div class=\"elementor-element elementor-element-19752b4c elementor-widget elementor-widget-heading\" data-id=\"19752b4c\" data-element_type=\"widget\" data-widget_type=\"heading.default\">\n\t\t\t\t<div class=\"elementor-widget-container\">\n\t\t\t<h2 class=\"elementor-heading-title elementor-size-default\">Contacta amb nosaltres<\/h2>\t\t<\/div>\n\t\t\t\t<\/div>\n\t\t\t\t<div class=\"elementor-element elementor-element-3603c31 elementor-widget elementor-widget-text-editor\" data-id=\"3603c31\" data-element_type=\"widget\" data-widget_type=\"text-editor.default\">\n\t\t\t\t<div class=\"elementor-widget-container\">\n\t\t\t\t\t\t\t<h5 style=\"text-align: center;\">bioeticaenxarxa@gmail.com<\/h5>\t\t\t\t\t\t<\/div>\n\t\t\t\t<\/div>\n\t\t\t\t<div class=\"elementor-element elementor-element-88d2a72 elementor-widget-divider--view-line elementor-widget elementor-widget-divider\" data-id=\"88d2a72\" data-element_type=\"widget\" data-widget_type=\"divider.default\">\n\t\t\t\t<div class=\"elementor-widget-container\">\n\t\t\t\t\t<div class=\"elementor-divider\">\n\t\t\t<span class=\"elementor-divider-separator\">\n\t\t\t\t\t\t<\/span>\n\t\t<\/div>\n\t\t\t\t<\/div>\n\t\t\t\t<\/div>\n\t\t\t\t\t<\/div>\n\t\t\t\t<\/div>\n\t\t\t\t\t<\/div>\n\t\t\t\t<\/div>\n\t\t<div class=\"elementor-element elementor-element-d30574a e-flex e-con-boxed e-con e-parent\" data-id=\"d30574a\" data-element_type=\"container\">\n\t\t\t\t\t<div class=\"e-con-inner\">\n\t\t\t\t\t<\/div>\n\t\t\t\t<\/div>\n\t\t\t\t<\/div>\n\t\t","protected":false},"excerpt":{"rendered":"<p>Clubs de lectura per a professionals sanitaris benvinguts El projecte dels Clubs de lectura per a professionals sanitaris \u00e9s una iniciativa liderada per la Societat Catalana de Bio\u00e8tica. Consisteix en clubs de lectura en diferents centres sanitaris, on a trav\u00e9s de la lectura d&#8217;alguns textos literaris seleccionats, es propicia el debat entre els participants, la [&hellip;]<\/p>\n","protected":false},"author":1,"featured_media":346,"parent":0,"menu_order":0,"comment_status":"closed","ping_status":"closed","template":"elementor_header_footer","meta":{"site-sidebar-layout":"default","site-content-layout":"","ast-site-content-layout":"","site-content-style":"default","site-sidebar-style":"default","ast-global-header-display":"","ast-banner-title-visibility":"","ast-main-header-display":"","ast-hfb-above-header-display":"","ast-hfb-below-header-display":"","ast-hfb-mobile-header-display":"","site-post-title":"","ast-breadcrumbs-content":"","ast-featured-img":"","footer-sml-layout":"","theme-transparent-header-meta":"","adv-header-id-meta":"","stick-header-meta":"","header-above-stick-meta":"","header-main-stick-meta":"","header-below-stick-meta":"","astra-migrate-meta-layouts":"default","ast-page-background-enabled":"default","ast-page-background-meta":{"desktop":{"background-color":"var(--ast-global-color-4)","background-image":"","background-repeat":"repeat","background-position":"center center","background-size":"auto","background-attachment":"scroll","background-type":"","background-media":"","overlay-type":"","overlay-color":"","overlay-opacity":"","overlay-gradient":""},"tablet":{"background-color":"","background-image":"","background-repeat":"repeat","background-position":"center center","background-size":"auto","background-attachment":"scroll","background-type":"","background-media":"","overlay-type":"","overlay-color":"","overlay-opacity":"","overlay-gradient":""},"mobile":{"background-color":"","background-image":"","background-repeat":"repeat","background-position":"center center","background-size":"auto","background-attachment":"scroll","background-type":"","background-media":"","overlay-type":"","overlay-color":"","overlay-opacity":"","overlay-gradient":""}},"ast-content-background-meta":{"desktop":{"background-color":"var(--ast-global-color-5)","background-image":"","background-repeat":"repeat","background-position":"center center","background-size":"auto","background-attachment":"scroll","background-type":"","background-media":"","overlay-type":"","overlay-color":"","overlay-opacity":"","overlay-gradient":""},"tablet":{"background-color":"var(--ast-global-color-5)","background-image":"","background-repeat":"repeat","background-position":"center center","background-size":"auto","background-attachment":"scroll","background-type":"","background-media":"","overlay-type":"","overlay-color":"","overlay-opacity":"","overlay-gradient":""},"mobile":{"background-color":"var(--ast-global-color-5)","background-image":"","background-repeat":"repeat","background-position":"center center","background-size":"auto","background-attachment":"scroll","background-type":"","background-media":"","overlay-type":"","overlay-color":"","overlay-opacity":"","overlay-gradient":""}},"footnotes":""},"class_list":["post-332","page","type-page","status-publish","has-post-thumbnail","hentry"],"_links":{"self":[{"href":"https:\/\/bioeticaenxarxa.com\/index.php\/wp-json\/wp\/v2\/pages\/332","targetHints":{"allow":["GET"]}}],"collection":[{"href":"https:\/\/bioeticaenxarxa.com\/index.php\/wp-json\/wp\/v2\/pages"}],"about":[{"href":"https:\/\/bioeticaenxarxa.com\/index.php\/wp-json\/wp\/v2\/types\/page"}],"author":[{"embeddable":true,"href":"https:\/\/bioeticaenxarxa.com\/index.php\/wp-json\/wp\/v2\/users\/1"}],"replies":[{"embeddable":true,"href":"https:\/\/bioeticaenxarxa.com\/index.php\/wp-json\/wp\/v2\/comments?post=332"}],"version-history":[{"count":103,"href":"https:\/\/bioeticaenxarxa.com\/index.php\/wp-json\/wp\/v2\/pages\/332\/revisions"}],"predecessor-version":[{"id":1286,"href":"https:\/\/bioeticaenxarxa.com\/index.php\/wp-json\/wp\/v2\/pages\/332\/revisions\/1286"}],"wp:featuredmedia":[{"embeddable":true,"href":"https:\/\/bioeticaenxarxa.com\/index.php\/wp-json\/wp\/v2\/media\/346"}],"wp:attachment":[{"href":"https:\/\/bioeticaenxarxa.com\/index.php\/wp-json\/wp\/v2\/media?parent=332"}],"curies":[{"name":"wp","href":"https:\/\/api.w.org\/{rel}","templated":true}]}}